{"id":109,"date":"2022-09-30T07:10:47","date_gmt":"2022-09-30T07:10:47","guid":{"rendered":"https:\/\/www.savoserdves.lt\/?page_id=109"},"modified":"2022-12-11T15:52:36","modified_gmt":"2022-12-11T15:52:36","slug":"susipazinkim","status":"publish","type":"page","link":"https:\/\/www.savoserdves.lt\/?page_id=109","title":{"rendered":"Susipa\u017einkim"},"content":{"rendered":"\n<div class=\"wp-block-columns is-layout-flex wp-container-4 wp-block-columns-is-layout-flex\">\n<div class=\"wp-block-column is-layout-flow wp-block-column-is-layout-flow\">\n<figure class=\"wp-block-image size-full\"><img decoding=\"async\" loading=\"lazy\" width=\"305\" height=\"355\" src=\"https:\/\/www.savoserdves.lt\/wp-content\/uploads\/2022\/09\/1-0958_edited-1.webp\" alt=\"\" class=\"wp-image-289\" srcset=\"https:\/\/www.savoserdves.lt\/wp-content\/uploads\/2022\/09\/1-0958_edited-1.webp 305w, https:\/\/www.savoserdves.lt\/wp-content\/uploads\/2022\/09\/1-0958_edited-1-258x300.webp 258w\" sizes=\"(max-width: 305px) 100vw, 305px\" \/><figcaption class=\"wp-element-caption\"><strong>Laima<\/strong><br>Sav\u0173 erdvi\u0173 sumanytoja ir mama,<br>edukator\u0117,<br>keramik\u0117<\/figcaption><\/figure>\n<\/div>\n\n\n\n<div class=\"wp-block-column is-layout-flow wp-block-column-is-layout-flow\">\n<figure class=\"wp-block-image size-full\"><img decoding=\"async\" loading=\"lazy\" width=\"296\" height=\"355\" src=\"https:\/\/www.savoserdves.lt\/wp-content\/uploads\/2022\/09\/66262653_2853501768009615_27067550048819-1.webp\" alt=\"\" class=\"wp-image-290\" srcset=\"https:\/\/www.savoserdves.lt\/wp-content\/uploads\/2022\/09\/66262653_2853501768009615_27067550048819-1.webp 296w, https:\/\/www.savoserdves.lt\/wp-content\/uploads\/2022\/09\/66262653_2853501768009615_27067550048819-1-250x300.webp 250w\" sizes=\"(max-width: 296px) 100vw, 296px\" \/><figcaption class=\"wp-element-caption\"><strong>Karina<\/strong><br>\u0161velni ir jautri Sav\u0173 erdvi\u0173 fotograf\u0117<\/figcaption><\/figure>\n<\/div>\n\n\n\n<div class=\"wp-block-column is-layout-flow wp-block-column-is-layout-flow\">\n<figure class=\"wp-block-image size-full\"><img decoding=\"async\" loading=\"lazy\" width=\"285\" height=\"355\" src=\"https:\/\/www.savoserdves.lt\/wp-content\/uploads\/2022\/09\/1-0991_edited-1.webp\" alt=\"\" class=\"wp-image-292\" srcset=\"https:\/\/www.savoserdves.lt\/wp-content\/uploads\/2022\/09\/1-0991_edited-1.webp 285w, https:\/\/www.savoserdves.lt\/wp-content\/uploads\/2022\/09\/1-0991_edited-1-241x300.webp 241w\" sizes=\"(max-width: 285px) 100vw, 285px\" \/><figcaption class=\"wp-element-caption\"><strong>Lauryna<\/strong><br>metalo dailinink\u0117,<br>socialini\u0173 Sav\u0173 erdvi\u0173 medij\u0173 kurator\u0117<\/figcaption><\/figure>\n<\/div>\n<\/div>\n\n\n\n<div class=\"wp-block-media-text alignwide is-stacked-on-mobile\"><figure class=\"wp-block-media-text__media\"><img decoding=\"async\" loading=\"lazy\" width=\"381\" height=\"290\" src=\"https:\/\/www.savoserdves.lt\/wp-content\/uploads\/2022\/09\/Untitled-1.webp\" alt=\"\" class=\"wp-image-293 size-full\" srcset=\"https:\/\/www.savoserdves.lt\/wp-content\/uploads\/2022\/09\/Untitled-1.webp 381w, https:\/\/www.savoserdves.lt\/wp-content\/uploads\/2022\/09\/Untitled-1-300x228.webp 300w\" sizes=\"(max-width: 381px) 100vw, 381px\" \/><\/figure><div class=\"wp-block-media-text__content\">\n<p class=\"has-text-align-center has-small-font-size\"><br>Savos erdv\u0117s &#8211; istoriniame miestelio centre \u012fsik\u016brusi amat\u0173 rezidencija. \u010cia daugiau kaip de\u0161imtmet\u012f vyksta k\u016brybiniai simpoziumai, mokymai, vykdomas neformalus ugdymas. Rezidencija pasi\u017eymi itin stipria keramikos \u012frangos baze &#8211; sodyboje rasite juodosios, raugo, raku, elektrines degimo krosnis, \u017eiedimo stakles.&nbsp;<\/p>\n\n\n\n<p class=\"has-text-align-center has-small-font-size\">Savos&nbsp;Erdv\u0117s&nbsp;suteikia galimyb\u0119 i\u0161sinuomoti patalpas ir \u012frankius savaranki\u0161kai dirbantiems keramikams ar keramikos myl\u0117tojams.<\/p>\n\n\n\n<p class=\"has-text-align-center has-small-font-size\">2016 m. klubas u\u017eregistravo savo prekin\u012f \u017eenkl\u0105. Juo pa\u017eym\u0117tos programos, leidiniai, keramikos ir tekstil\u0117s dirbiniai yra klubo autorin\u0117 nuosavyb\u0117.<\/p>\n<\/div><\/div>\n\n\n<div class=\"wp-block-image\">\n<figure class=\"aligncenter size-large\"><img decoding=\"async\" loading=\"lazy\" width=\"1024\" height=\"681\" src=\"https:\/\/www.savoserdves.lt\/wp-content\/uploads\/2022\/09\/1-0451-1-1024x681.webp\" alt=\"\" class=\"wp-image-294\" srcset=\"https:\/\/www.savoserdves.lt\/wp-content\/uploads\/2022\/09\/1-0451-1-1024x681.webp 1024w, https:\/\/www.savoserdves.lt\/wp-content\/uploads\/2022\/09\/1-0451-1-300x199.webp 300w, https:\/\/www.savoserdves.lt\/wp-content\/uploads\/2022\/09\/1-0451-1-768x511.webp 768w, https:\/\/www.savoserdves.lt\/wp-content\/uploads\/2022\/09\/1-0451-1-624x415.webp 624w, https:\/\/www.savoserdves.lt\/wp-content\/uploads\/2022\/09\/1-0451-1.webp 1083w\" sizes=\"(max-width: 1024px) 100vw, 1024px\" \/><\/figure><\/div>","protected":false},"excerpt":{"rendered":"<p>Savos erdv\u0117s &#8211; istoriniame miestelio centre \u012fsik\u016brusi amat\u0173 rezidencija. \u010cia daugiau kaip de\u0161imtmet\u012f vyksta k\u016brybiniai simpoziumai, mokymai, vykdomas neformalus ugdymas. Rezidencija pasi\u017eymi itin stipria keramikos \u012frangos baze &#8211; sodyboje rasite juodosios, raugo, raku, elektrines degimo krosnis, \u017eiedimo stakles.&nbsp; Savos&nbsp;Erdv\u0117s&nbsp;suteikia galimyb\u0119 i\u0161sinuomoti patalpas ir \u012frankius savaranki\u0161kai dirbantiems keramikams ar keramikos myl\u0117tojams. 2016 m. klubas u\u017eregistravo savo [&hellip;]<\/p>\n","protected":false},"author":1,"featured_media":0,"parent":0,"menu_order":0,"comment_status":"closed","ping_status":"closed","template":"","meta":{"footnotes":""},"_links":{"self":[{"href":"https:\/\/www.savoserdves.lt\/index.php?rest_route=\/wp\/v2\/pages\/109"}],"collection":[{"href":"https:\/\/www.savoserdves.lt\/index.php?rest_route=\/wp\/v2\/pages"}],"about":[{"href":"https:\/\/www.savoserdves.lt\/index.php?rest_route=\/wp\/v2\/types\/page"}],"author":[{"embeddable":true,"href":"https:\/\/www.savoserdves.lt\/index.php?rest_route=\/wp\/v2\/users\/1"}],"replies":[{"embeddable":true,"href":"https:\/\/www.savoserdves.lt\/index.php?rest_route=%2Fwp%2Fv2%2Fcomments&post=109"}],"version-history":[{"count":4,"href":"https:\/\/www.savoserdves.lt\/index.php?rest_route=\/wp\/v2\/pages\/109\/revisions"}],"predecessor-version":[{"id":500,"href":"https:\/\/www.savoserdves.lt\/index.php?rest_route=\/wp\/v2\/pages\/109\/revisions\/500"}],"wp:attachment":[{"href":"https:\/\/www.savoserdves.lt\/index.php?rest_route=%2Fwp%2Fv2%2Fmedia&parent=109"}],"curies":[{"name":"wp","href":"https:\/\/api.w.org\/{rel}","templated":true}]}}