{"id":111,"date":"2022-09-30T07:11:12","date_gmt":"2022-09-30T07:11:12","guid":{"rendered":"https:\/\/www.savoserdves.lt\/?page_id=111"},"modified":"2024-10-26T13:07:25","modified_gmt":"2024-10-26T13:07:25","slug":"kontaktai","status":"publish","type":"page","link":"https:\/\/www.savoserdves.lt\/?page_id=111","title":{"rendered":"Kontaktai"},"content":{"rendered":"\n<p class=\"has-text-align-center\">Laima<\/p>\n\n\n\n<p class=\"has-text-align-center\"><a href=\"tel:+37060052957\">+37060052957<\/a><\/p>\n\n\n\n<p class=\"has-text-align-center\"><a href=\"mailto:lkiskiene@gmail.com\">lkiskiene@gmail.com<\/a><\/p>\n\n\n\n<p class=\"has-text-align-center\">Dariaus ir Gir\u0117no g. 37<br>Ramygala<br>Panev\u0117\u017eio r.<br>38260<\/p>\n\n\n\n<p class=\"has-text-align-center\">Lietuva<\/p>\n\n\n<div class=\"wp-block-image\">\n<figure class=\"aligncenter size-large is-resized\"><img decoding=\"async\" loading=\"lazy\" width=\"1024\" height=\"653\" src=\"https:\/\/www.savoserdves.lt\/wp-content\/uploads\/2024\/10\/IMG_8590-1024x653.jpg\" alt=\"\" class=\"wp-image-704\" style=\"width:638px;height:430px\" srcset=\"https:\/\/www.savoserdves.lt\/wp-content\/uploads\/2024\/10\/IMG_8590-1024x653.jpg 1024w, https:\/\/www.savoserdves.lt\/wp-content\/uploads\/2024\/10\/IMG_8590-300x191.jpg 300w, https:\/\/www.savoserdves.lt\/wp-content\/uploads\/2024\/10\/IMG_8590-768x490.jpg 768w, https:\/\/www.savoserdves.lt\/wp-content\/uploads\/2024\/10\/IMG_8590-1536x980.jpg 1536w, https:\/\/www.savoserdves.lt\/wp-content\/uploads\/2024\/10\/IMG_8590-2048x1306.jpg 2048w, https:\/\/www.savoserdves.lt\/wp-content\/uploads\/2024\/10\/IMG_8590-624x398.jpg 624w\" sizes=\"(max-width: 1024px) 100vw, 1024px\" \/><figcaption class=\"wp-element-caption\">Sav\u0173 erdvi\u0173 rezidencija<\/figcaption><\/figure><\/div>\n\n\n<div class=\"has-text-align-center\">\n<iframe src=\"https:\/\/www.google.com\/maps\/embed?pb=!1m18!1m12!1m3!1d2259.476354583444!2d24.301890616424373!3d55.50664961841638!2m3!1f0!2f0!3f0!3m2!1i1024!2i768!4f13.1!3m3!1m2!1s0x46e7b4c8d5452d13%3A0x11fd58787e34ccd0!2zQW1hdMWzIHJlemlkZW5jaWphICwsU2F2b3MgZXJkdsSXcyI!5e0!3m2!1slt!2slt!4v1670709275117!5m2!1slt!2slt\" width=\"600\" height=\"450\" style=\"border:0;\" allowfullscreen=\"\" loading=\"lazy\" referrerpolicy=\"no-referrer-when-downgrade\"><\/iframe>\n<\/div>\n","protected":false},"excerpt":{"rendered":"<p>Laima +37060052957 lkiskiene@gmail.com Dariaus ir Gir\u0117no g. 37RamygalaPanev\u0117\u017eio r.38260 Lietuva<\/p>\n","protected":false},"author":1,"featured_media":0,"parent":0,"menu_order":0,"comment_status":"closed","ping_status":"closed","template":"","meta":{"footnotes":""},"_links":{"self":[{"href":"https:\/\/www.savoserdves.lt\/index.php?rest_route=\/wp\/v2\/pages\/111"}],"collection":[{"href":"https:\/\/www.savoserdves.lt\/index.php?rest_route=\/wp\/v2\/pages"}],"about":[{"href":"https:\/\/www.savoserdves.lt\/index.php?rest_route=\/wp\/v2\/types\/page"}],"author":[{"embeddable":true,"href":"https:\/\/www.savoserdves.lt\/index.php?rest_route=\/wp\/v2\/users\/1"}],"replies":[{"embeddable":true,"href":"https:\/\/www.savoserdves.lt\/index.php?rest_route=%2Fwp%2Fv2%2Fcomments&post=111"}],"version-history":[{"count":15,"href":"https:\/\/www.savoserdves.lt\/index.php?rest_route=\/wp\/v2\/pages\/111\/revisions"}],"predecessor-version":[{"id":706,"href":"https:\/\/www.savoserdves.lt\/index.php?rest_route=\/wp\/v2\/pages\/111\/revisions\/706"}],"wp:attachment":[{"href":"https:\/\/www.savoserdves.lt\/index.php?rest_route=%2Fwp%2Fv2%2Fmedia&parent=111"}],"curies":[{"name":"wp","href":"https:\/\/api.w.org\/{rel}","templated":true}]}}