{"id":49,"date":"2022-09-25T19:19:41","date_gmt":"2022-09-25T19:19:41","guid":{"rendered":"https:\/\/www.savoserdves.lt\/?page_id=49"},"modified":"2024-10-26T12:22:16","modified_gmt":"2024-10-26T12:22:16","slug":"kulturos-pasas","status":"publish","type":"page","link":"https:\/\/www.savoserdves.lt\/?page_id=49","title":{"rendered":"Kult\u016bros pasas"},"content":{"rendered":"\n<div class=\"wp-block-media-text alignwide is-stacked-on-mobile is-vertically-aligned-top k-pasas\" style=\"grid-template-columns:26% auto\"><figure class=\"wp-block-media-text__media\"><img decoding=\"async\" loading=\"lazy\" width=\"600\" height=\"508\" src=\"https:\/\/www.savoserdves.lt\/wp-content\/uploads\/2022\/12\/kulturos_pasas.png\" alt=\"\" class=\"wp-image-422 size-full\" srcset=\"https:\/\/www.savoserdves.lt\/wp-content\/uploads\/2022\/12\/kulturos_pasas.png 600w, https:\/\/www.savoserdves.lt\/wp-content\/uploads\/2022\/12\/kulturos_pasas-300x254.png 300w\" sizes=\"(max-width: 600px) 100vw, 600px\" \/><\/figure><div class=\"wp-block-media-text__content\">\n<p>Kult\u016bros pasas \u2013 priemon\u0117 vis\u0173 Lietuvos mokini\u0173, besimokan\u010di\u0173 pagal bendrojo ugdymo programas, kult\u016bros pa\u017einimo \u012fpro\u010diams ugdyti ir j\u0173 kult\u016bros patir\u010diai pl\u0117sti, teikiant jiems atitinkamas kult\u016bros ir meno paslaugas.<\/p>\n\n\n\n<p>SAVOS ERDV\u0116S kvie\u010dia Lietuvos moksleivius rinktis m\u016bs\u0173 parengtas<br>Kult\u016bros paso programas:<br><br><a rel=\"noreferrer noopener\" href=\"https:\/\/www.kulturospasas.lt\/kulturines-edukacijos\/1380\" target=\"_blank\">Tradiciniai amatai<\/a><br><a rel=\"noreferrer noopener\" href=\"https:\/\/www.kulturospasas.lt\/kulturines-edukacijos\/2182\" target=\"_blank\">Molis \u2013 mano brolis<\/a><br><a rel=\"noreferrer noopener\" href=\"https:\/\/www.kulturospasas.lt\/kulturines-edukacijos\/2385\" target=\"_blank\">Stiklo magija<\/a><br><a href=\"https:\/\/www.kulturospasas.lt\/kulturines-edukacijos\/7340\" data-type=\"link\" data-id=\"https:\/\/www.kulturospasas.lt\/kulturines-edukacijos\/7340\">\u0160iaudo stebuklai<\/a><\/p>\n\n\n\n<p><\/p>\n<\/div><\/div>\n\n\n\n<p>                     <br>                  <br>                <br><br><\/p>\n","protected":false},"excerpt":{"rendered":"<p>Kult\u016bros pasas \u2013 priemon\u0117 vis\u0173 Lietuvos mokini\u0173, besimokan\u010di\u0173 pagal bendrojo ugdymo programas, kult\u016bros pa\u017einimo \u012fpro\u010diams ugdyti ir j\u0173 kult\u016bros patir\u010diai pl\u0117sti, teikiant jiems atitinkamas kult\u016bros ir meno paslaugas. SAVOS ERDV\u0116S kvie\u010dia Lietuvos moksleivius rinktis m\u016bs\u0173 parengtasKult\u016bros paso programas: Tradiciniai amataiMolis \u2013 mano brolisStiklo magija\u0160iaudo stebuklai<\/p>\n","protected":false},"author":1,"featured_media":0,"parent":0,"menu_order":0,"comment_status":"closed","ping_status":"closed","template":"","meta":{"footnotes":""},"_links":{"self":[{"href":"https:\/\/www.savoserdves.lt\/index.php?rest_route=\/wp\/v2\/pages\/49"}],"collection":[{"href":"https:\/\/www.savoserdves.lt\/index.php?rest_route=\/wp\/v2\/pages"}],"about":[{"href":"https:\/\/www.savoserdves.lt\/index.php?rest_route=\/wp\/v2\/types\/page"}],"author":[{"embeddable":true,"href":"https:\/\/www.savoserdves.lt\/index.php?rest_route=\/wp\/v2\/users\/1"}],"replies":[{"embeddable":true,"href":"https:\/\/www.savoserdves.lt\/index.php?rest_route=%2Fwp%2Fv2%2Fcomments&post=49"}],"version-history":[{"count":23,"href":"https:\/\/www.savoserdves.lt\/index.php?rest_route=\/wp\/v2\/pages\/49\/revisions"}],"predecessor-version":[{"id":687,"href":"https:\/\/www.savoserdves.lt\/index.php?rest_route=\/wp\/v2\/pages\/49\/revisions\/687"}],"wp:attachment":[{"href":"https:\/\/www.savoserdves.lt\/index.php?rest_route=%2Fwp%2Fv2%2Fmedia&parent=49"}],"curies":[{"name":"wp","href":"https:\/\/api.w.org\/{rel}","templated":true}]}}