{"id":80,"date":"2022-09-29T18:42:15","date_gmt":"2022-09-29T18:42:15","guid":{"rendered":"https:\/\/www.savoserdves.lt\/?page_id=80"},"modified":"2024-10-26T12:33:43","modified_gmt":"2024-10-26T12:33:43","slug":"edukacijos","status":"publish","type":"page","link":"https:\/\/www.savoserdves.lt\/?page_id=80","title":{"rendered":"Edukacijos"},"content":{"rendered":"\n<p class=\"has-text-align-center\">Kvie\u010diame pa\u017einti ir pasinert\u012f \u012f tradicini\u0173 bei u\u017esienio \u0161ali\u0173 amat\u0173 paslaptis.<br>Savos Erdv\u0117s yra paruo\u0161\u0119 net 16 edukacini\u0173 program\u0173 &#8211;<br>kvie\u010diame turiningai praleisti laisvalaik\u012f ar pa\u012fvairinti asmenin\u0119 \u0161vent\u0119: )<br>\u00a0<br>Savos Erdv\u0117s nuomoja patalpas bei \u012frankius savaranki\u0161kai dirbantiems keramikams ir keramikos myl\u0117tojams.<br>\u00a0<br>Jei turite klausim\u0173 ar nor\u0117tum\u0117te u\u017esiregistruoti edukacijai,<br>laukiame j\u016bs\u0173 skambu\u010dio +37060052957 \/ lai\u0161kelio el. pa\u0161tu\u00a0<a href=\"mailto:lkiskiene@gmail.com\">lkiskiene@gmail.com<\/a>.<br><br><\/p>\n\n\n<ul class=\"wp-block-latest-posts__list is-grid columns-3 wp-block-latest-posts\"><li><div class=\"wp-block-latest-posts__featured-image\"><a href=\"https:\/\/www.savoserdves.lt\/?p=701\" aria-label=\"Kaleidoskopo k\u016brimas\"><img loading=\"lazy\" width=\"625\" height=\"833\" src=\"https:\/\/www.savoserdves.lt\/wp-content\/uploads\/2024\/10\/unnamed-1-768x1024.jpg\" class=\"attachment-large size-large wp-post-image\" alt=\"\" decoding=\"async\" style=\"\" srcset=\"https:\/\/www.savoserdves.lt\/wp-content\/uploads\/2024\/10\/unnamed-1-768x1024.jpg 768w, https:\/\/www.savoserdves.lt\/wp-content\/uploads\/2024\/10\/unnamed-1-225x300.jpg 225w, https:\/\/www.savoserdves.lt\/wp-content\/uploads\/2024\/10\/unnamed-1-1152x1536.jpg 1152w, https:\/\/www.savoserdves.lt\/wp-content\/uploads\/2024\/10\/unnamed-1-1536x2048.jpg 1536w, https:\/\/www.savoserdves.lt\/wp-content\/uploads\/2024\/10\/unnamed-1-624x832.jpg 624w, https:\/\/www.savoserdves.lt\/wp-content\/uploads\/2024\/10\/unnamed-1-scaled.jpg 1920w\" sizes=\"(max-width: 625px) 100vw, 625px\" \/><\/a><\/div><a class=\"wp-block-latest-posts__post-title\" href=\"https:\/\/www.savoserdves.lt\/?p=701\">Kaleidoskopo k\u016brimas<\/a><\/li>\n<li><div class=\"wp-block-latest-posts__featured-image\"><a href=\"https:\/\/www.savoserdves.lt\/?p=691\" aria-label=\"Meduoli\u0173 dekoravimas\"><img loading=\"lazy\" width=\"625\" height=\"417\" src=\"https:\/\/www.savoserdves.lt\/wp-content\/uploads\/2024\/10\/IMG_0017-1024x683.jpg\" class=\"attachment-large size-large wp-post-image\" alt=\"\" decoding=\"async\" style=\"\" srcset=\"https:\/\/www.savoserdves.lt\/wp-content\/uploads\/2024\/10\/IMG_0017-1024x683.jpg 1024w, https:\/\/www.savoserdves.lt\/wp-content\/uploads\/2024\/10\/IMG_0017-300x200.jpg 300w, https:\/\/www.savoserdves.lt\/wp-content\/uploads\/2024\/10\/IMG_0017-768x512.jpg 768w, https:\/\/www.savoserdves.lt\/wp-content\/uploads\/2024\/10\/IMG_0017-1536x1024.jpg 1536w, https:\/\/www.savoserdves.lt\/wp-content\/uploads\/2024\/10\/IMG_0017-2048x1365.jpg 2048w, https:\/\/www.savoserdves.lt\/wp-content\/uploads\/2024\/10\/IMG_0017-624x416.jpg 624w\" sizes=\"(max-width: 625px) 100vw, 625px\" \/><\/a><\/div><a class=\"wp-block-latest-posts__post-title\" href=\"https:\/\/www.savoserdves.lt\/?p=691\">Meduoli\u0173 dekoravimas<\/a><\/li>\n<li><div class=\"wp-block-latest-posts__featured-image\"><a href=\"https:\/\/www.savoserdves.lt\/?p=673\" aria-label=\"Susipa\u017einkime \u2013 Auk\u0161taitija!\"><img loading=\"lazy\" width=\"625\" height=\"937\" src=\"https:\/\/www.savoserdves.lt\/wp-content\/uploads\/2023\/10\/IMG_0786-683x1024.jpg\" class=\"attachment-large size-large wp-post-image\" alt=\"\" decoding=\"async\" style=\"\" srcset=\"https:\/\/www.savoserdves.lt\/wp-content\/uploads\/2023\/10\/IMG_0786-683x1024.jpg 683w, https:\/\/www.savoserdves.lt\/wp-content\/uploads\/2023\/10\/IMG_0786-200x300.jpg 200w, https:\/\/www.savoserdves.lt\/wp-content\/uploads\/2023\/10\/IMG_0786-768x1152.jpg 768w, https:\/\/www.savoserdves.lt\/wp-content\/uploads\/2023\/10\/IMG_0786-1024x1536.jpg 1024w, https:\/\/www.savoserdves.lt\/wp-content\/uploads\/2023\/10\/IMG_0786-1365x2048.jpg 1365w, https:\/\/www.savoserdves.lt\/wp-content\/uploads\/2023\/10\/IMG_0786-624x936.jpg 624w, https:\/\/www.savoserdves.lt\/wp-content\/uploads\/2023\/10\/IMG_0786-scaled.jpg 1707w\" sizes=\"(max-width: 625px) 100vw, 625px\" \/><\/a><\/div><a class=\"wp-block-latest-posts__post-title\" href=\"https:\/\/www.savoserdves.lt\/?p=673\">Susipa\u017einkime \u2013 Auk\u0161taitija!<\/a><\/li>\n<li><div class=\"wp-block-latest-posts__featured-image\"><a href=\"https:\/\/www.savoserdves.lt\/?p=670\" aria-label=\"Am\u017einasis kalendorius\"><img loading=\"lazy\" width=\"625\" height=\"413\" src=\"https:\/\/www.savoserdves.lt\/wp-content\/uploads\/2023\/10\/IMG_8599-1024x677.jpg\" class=\"attachment-large size-large wp-post-image\" alt=\"\" decoding=\"async\" style=\"\" srcset=\"https:\/\/www.savoserdves.lt\/wp-content\/uploads\/2023\/10\/IMG_8599-1024x677.jpg 1024w, https:\/\/www.savoserdves.lt\/wp-content\/uploads\/2023\/10\/IMG_8599-300x198.jpg 300w, https:\/\/www.savoserdves.lt\/wp-content\/uploads\/2023\/10\/IMG_8599-768x508.jpg 768w, https:\/\/www.savoserdves.lt\/wp-content\/uploads\/2023\/10\/IMG_8599-1536x1015.jpg 1536w, https:\/\/www.savoserdves.lt\/wp-content\/uploads\/2023\/10\/IMG_8599-2048x1353.jpg 2048w, https:\/\/www.savoserdves.lt\/wp-content\/uploads\/2023\/10\/IMG_8599-624x412.jpg 624w\" sizes=\"(max-width: 625px) 100vw, 625px\" \/><\/a><\/div><a class=\"wp-block-latest-posts__post-title\" href=\"https:\/\/www.savoserdves.lt\/?p=670\">Am\u017einasis kalendorius<\/a><\/li>\n<li><div class=\"wp-block-latest-posts__featured-image\"><a href=\"https:\/\/www.savoserdves.lt\/?p=327\" aria-label=\"Baltojo gandro miestas \u2013 Ramygala\"><img loading=\"lazy\" width=\"625\" height=\"937\" src=\"https:\/\/www.savoserdves.lt\/wp-content\/uploads\/2022\/10\/1-9379-683x1024.jpg\" class=\"attachment-large size-large wp-post-image\" alt=\"\" decoding=\"async\" style=\"\" srcset=\"https:\/\/www.savoserdves.lt\/wp-content\/uploads\/2022\/10\/1-9379-683x1024.jpg 683w, https:\/\/www.savoserdves.lt\/wp-content\/uploads\/2022\/10\/1-9379-200x300.jpg 200w, https:\/\/www.savoserdves.lt\/wp-content\/uploads\/2022\/10\/1-9379-768x1152.jpg 768w, https:\/\/www.savoserdves.lt\/wp-content\/uploads\/2022\/10\/1-9379-1024x1536.jpg 1024w, https:\/\/www.savoserdves.lt\/wp-content\/uploads\/2022\/10\/1-9379-1365x2048.jpg 1365w, https:\/\/www.savoserdves.lt\/wp-content\/uploads\/2022\/10\/1-9379-624x936.jpg 624w, https:\/\/www.savoserdves.lt\/wp-content\/uploads\/2022\/10\/1-9379-scaled.jpg 1707w\" sizes=\"(max-width: 625px) 100vw, 625px\" \/><\/a><\/div><a class=\"wp-block-latest-posts__post-title\" href=\"https:\/\/www.savoserdves.lt\/?p=327\">Baltojo gandro miestas \u2013 Ramygala<\/a><\/li>\n<li><div class=\"wp-block-latest-posts__featured-image\"><a href=\"https:\/\/www.savoserdves.lt\/?p=280\" aria-label=\"Keramika | Dirbtuvi\u0173 nuoma\"><img loading=\"lazy\" width=\"507\" height=\"507\" src=\"https:\/\/www.savoserdves.lt\/wp-content\/uploads\/2022\/09\/615509_424168dc29ca4da58efc3e658ef2f338_mv2.webp\" class=\"attachment-large size-large wp-post-image\" alt=\"\" decoding=\"async\" style=\"\" srcset=\"https:\/\/www.savoserdves.lt\/wp-content\/uploads\/2022\/09\/615509_424168dc29ca4da58efc3e658ef2f338_mv2.webp 507w, https:\/\/www.savoserdves.lt\/wp-content\/uploads\/2022\/09\/615509_424168dc29ca4da58efc3e658ef2f338_mv2-300x300.webp 300w, https:\/\/www.savoserdves.lt\/wp-content\/uploads\/2022\/09\/615509_424168dc29ca4da58efc3e658ef2f338_mv2-150x150.webp 150w\" sizes=\"(max-width: 507px) 100vw, 507px\" \/><\/a><\/div><a class=\"wp-block-latest-posts__post-title\" href=\"https:\/\/www.savoserdves.lt\/?p=280\">Keramika | Dirbtuvi\u0173 nuoma<\/a><\/li>\n<li><div class=\"wp-block-latest-posts__featured-image\"><a href=\"https:\/\/www.savoserdves.lt\/?p=278\" aria-label=\"Bi\u010di\u0173 va\u0161ko \u017evaki\u0173 gamyba\"><img loading=\"lazy\" width=\"507\" height=\"507\" src=\"https:\/\/www.savoserdves.lt\/wp-content\/uploads\/2022\/09\/615509_ee79a8e9a8bc47eab0d5ab7f8fcd69a3_mv2.webp\" class=\"attachment-large size-large wp-post-image\" alt=\"\" decoding=\"async\" style=\"\" srcset=\"https:\/\/www.savoserdves.lt\/wp-content\/uploads\/2022\/09\/615509_ee79a8e9a8bc47eab0d5ab7f8fcd69a3_mv2.webp 507w, https:\/\/www.savoserdves.lt\/wp-content\/uploads\/2022\/09\/615509_ee79a8e9a8bc47eab0d5ab7f8fcd69a3_mv2-300x300.webp 300w, https:\/\/www.savoserdves.lt\/wp-content\/uploads\/2022\/09\/615509_ee79a8e9a8bc47eab0d5ab7f8fcd69a3_mv2-150x150.webp 150w\" sizes=\"(max-width: 507px) 100vw, 507px\" \/><\/a><\/div><a class=\"wp-block-latest-posts__post-title\" href=\"https:\/\/www.savoserdves.lt\/?p=278\">Bi\u010di\u0173 va\u0161ko \u017evaki\u0173 gamyba<\/a><\/li>\n<li><div class=\"wp-block-latest-posts__featured-image\"><a href=\"https:\/\/www.savoserdves.lt\/?p=276\" aria-label=\"Tekstilin\u0117 mandala\"><img loading=\"lazy\" width=\"506\" height=\"506\" src=\"https:\/\/www.savoserdves.lt\/wp-content\/uploads\/2022\/09\/615509_2b8136d98a564ec4983f492ff09cd5c5_mv2-1.webp\" class=\"attachment-large size-large wp-post-image\" alt=\"\" decoding=\"async\" style=\"\" srcset=\"https:\/\/www.savoserdves.lt\/wp-content\/uploads\/2022\/09\/615509_2b8136d98a564ec4983f492ff09cd5c5_mv2-1.webp 506w, https:\/\/www.savoserdves.lt\/wp-content\/uploads\/2022\/09\/615509_2b8136d98a564ec4983f492ff09cd5c5_mv2-1-300x300.webp 300w, https:\/\/www.savoserdves.lt\/wp-content\/uploads\/2022\/09\/615509_2b8136d98a564ec4983f492ff09cd5c5_mv2-1-150x150.webp 150w\" sizes=\"(max-width: 506px) 100vw, 506px\" \/><\/a><\/div><a class=\"wp-block-latest-posts__post-title\" href=\"https:\/\/www.savoserdves.lt\/?p=276\">Tekstilin\u0117 mandala<\/a><\/li>\n<li><div class=\"wp-block-latest-posts__featured-image\"><a href=\"https:\/\/www.savoserdves.lt\/?p=274\" aria-label=\"\u0160iaudini\u0173 sod\u0173 ri\u0161imas\"><img loading=\"lazy\" width=\"507\" height=\"507\" src=\"https:\/\/www.savoserdves.lt\/wp-content\/uploads\/2022\/09\/615509_a734e991f0894defbcdd126976f5a0fc_mv2.webp\" class=\"attachment-large size-large wp-post-image\" alt=\"\" decoding=\"async\" style=\"\" srcset=\"https:\/\/www.savoserdves.lt\/wp-content\/uploads\/2022\/09\/615509_a734e991f0894defbcdd126976f5a0fc_mv2.webp 507w, https:\/\/www.savoserdves.lt\/wp-content\/uploads\/2022\/09\/615509_a734e991f0894defbcdd126976f5a0fc_mv2-300x300.webp 300w, https:\/\/www.savoserdves.lt\/wp-content\/uploads\/2022\/09\/615509_a734e991f0894defbcdd126976f5a0fc_mv2-150x150.webp 150w\" sizes=\"(max-width: 507px) 100vw, 507px\" \/><\/a><\/div><a class=\"wp-block-latest-posts__post-title\" href=\"https:\/\/www.savoserdves.lt\/?p=274\">\u0160iaudini\u0173 sod\u0173 ri\u0161imas<\/a><\/li>\n<li><div class=\"wp-block-latest-posts__featured-image\"><a href=\"https:\/\/www.savoserdves.lt\/?p=272\" aria-label=\"Kiau\u0161ini\u0173 marginimas va\u0161ku\"><img loading=\"lazy\" width=\"507\" height=\"507\" src=\"https:\/\/www.savoserdves.lt\/wp-content\/uploads\/2022\/09\/615509_e94ad876205e4d2d824117f0d63d29f8_mv2.webp\" class=\"attachment-large size-large wp-post-image\" alt=\"\" decoding=\"async\" style=\"\" srcset=\"https:\/\/www.savoserdves.lt\/wp-content\/uploads\/2022\/09\/615509_e94ad876205e4d2d824117f0d63d29f8_mv2.webp 507w, https:\/\/www.savoserdves.lt\/wp-content\/uploads\/2022\/09\/615509_e94ad876205e4d2d824117f0d63d29f8_mv2-300x300.webp 300w, https:\/\/www.savoserdves.lt\/wp-content\/uploads\/2022\/09\/615509_e94ad876205e4d2d824117f0d63d29f8_mv2-150x150.webp 150w\" sizes=\"(max-width: 507px) 100vw, 507px\" \/><\/a><\/div><a class=\"wp-block-latest-posts__post-title\" href=\"https:\/\/www.savoserdves.lt\/?p=272\">Kiau\u0161ini\u0173 marginimas va\u0161ku<\/a><\/li>\n<li><div class=\"wp-block-latest-posts__featured-image\"><a href=\"https:\/\/www.savoserdves.lt\/?p=270\" aria-label=\"Tautin\u0117s juostos\"><img loading=\"lazy\" width=\"507\" height=\"507\" src=\"https:\/\/www.savoserdves.lt\/wp-content\/uploads\/2022\/09\/615509_fdd4176d8c41404ca2da32520ac56828_mv2.webp\" class=\"attachment-large size-large wp-post-image\" alt=\"\" decoding=\"async\" style=\"\" srcset=\"https:\/\/www.savoserdves.lt\/wp-content\/uploads\/2022\/09\/615509_fdd4176d8c41404ca2da32520ac56828_mv2.webp 507w, https:\/\/www.savoserdves.lt\/wp-content\/uploads\/2022\/09\/615509_fdd4176d8c41404ca2da32520ac56828_mv2-300x300.webp 300w, https:\/\/www.savoserdves.lt\/wp-content\/uploads\/2022\/09\/615509_fdd4176d8c41404ca2da32520ac56828_mv2-150x150.webp 150w\" sizes=\"(max-width: 507px) 100vw, 507px\" \/><\/a><\/div><a class=\"wp-block-latest-posts__post-title\" href=\"https:\/\/www.savoserdves.lt\/?p=270\">Tautin\u0117s juostos<\/a><\/li>\n<li><div class=\"wp-block-latest-posts__featured-image\"><a href=\"https:\/\/www.savoserdves.lt\/?p=268\" aria-label=\"Temari\"><img loading=\"lazy\" width=\"507\" height=\"507\" src=\"https:\/\/www.savoserdves.lt\/wp-content\/uploads\/2022\/09\/615509_f4f006ca4aea460090f64f3c6cf55d2a_mv2-1.webp\" class=\"attachment-large size-large wp-post-image\" alt=\"\" decoding=\"async\" style=\"\" srcset=\"https:\/\/www.savoserdves.lt\/wp-content\/uploads\/2022\/09\/615509_f4f006ca4aea460090f64f3c6cf55d2a_mv2-1.webp 507w, https:\/\/www.savoserdves.lt\/wp-content\/uploads\/2022\/09\/615509_f4f006ca4aea460090f64f3c6cf55d2a_mv2-1-300x300.webp 300w, https:\/\/www.savoserdves.lt\/wp-content\/uploads\/2022\/09\/615509_f4f006ca4aea460090f64f3c6cf55d2a_mv2-1-150x150.webp 150w\" sizes=\"(max-width: 507px) 100vw, 507px\" \/><\/a><\/div><a class=\"wp-block-latest-posts__post-title\" href=\"https:\/\/www.savoserdves.lt\/?p=268\">Temari<\/a><\/li>\n<li><div class=\"wp-block-latest-posts__featured-image\"><a href=\"https:\/\/www.savoserdves.lt\/?p=266\" aria-label=\"Tapyba ant \u0161ilko\"><img loading=\"lazy\" width=\"507\" height=\"507\" src=\"https:\/\/www.savoserdves.lt\/wp-content\/uploads\/2022\/09\/615509_cf5e59643fa6458e8641919faf13670e_mv2.webp\" class=\"attachment-large size-large wp-post-image\" alt=\"\" decoding=\"async\" style=\"\" srcset=\"https:\/\/www.savoserdves.lt\/wp-content\/uploads\/2022\/09\/615509_cf5e59643fa6458e8641919faf13670e_mv2.webp 507w, https:\/\/www.savoserdves.lt\/wp-content\/uploads\/2022\/09\/615509_cf5e59643fa6458e8641919faf13670e_mv2-300x300.webp 300w, https:\/\/www.savoserdves.lt\/wp-content\/uploads\/2022\/09\/615509_cf5e59643fa6458e8641919faf13670e_mv2-150x150.webp 150w\" sizes=\"(max-width: 507px) 100vw, 507px\" \/><\/a><\/div><a class=\"wp-block-latest-posts__post-title\" href=\"https:\/\/www.savoserdves.lt\/?p=266\">Tapyba ant \u0161ilko<\/a><\/li>\n<li><div class=\"wp-block-latest-posts__featured-image\"><a href=\"https:\/\/www.savoserdves.lt\/?p=264\" aria-label=\"Batika | Plangi\"><img loading=\"lazy\" width=\"507\" height=\"507\" src=\"https:\/\/www.savoserdves.lt\/wp-content\/uploads\/2022\/09\/615509_83490c960cc4438f90ddc6baafa857c6_mv2-1.webp\" class=\"attachment-large size-large wp-post-image\" alt=\"\" decoding=\"async\" style=\"\" srcset=\"https:\/\/www.savoserdves.lt\/wp-content\/uploads\/2022\/09\/615509_83490c960cc4438f90ddc6baafa857c6_mv2-1.webp 507w, https:\/\/www.savoserdves.lt\/wp-content\/uploads\/2022\/09\/615509_83490c960cc4438f90ddc6baafa857c6_mv2-1-300x300.webp 300w, https:\/\/www.savoserdves.lt\/wp-content\/uploads\/2022\/09\/615509_83490c960cc4438f90ddc6baafa857c6_mv2-1-150x150.webp 150w\" sizes=\"(max-width: 507px) 100vw, 507px\" \/><\/a><\/div><a class=\"wp-block-latest-posts__post-title\" href=\"https:\/\/www.savoserdves.lt\/?p=264\">Batika | Plangi<\/a><\/li>\n<li><div class=\"wp-block-latest-posts__featured-image\"><a href=\"https:\/\/www.savoserdves.lt\/?p=262\" aria-label=\"Stiklo magija\"><img loading=\"lazy\" width=\"507\" height=\"507\" src=\"https:\/\/www.savoserdves.lt\/wp-content\/uploads\/2022\/09\/615509_7e06db53810043378e41eefc3d9592a3_mv2.webp\" class=\"attachment-large size-large wp-post-image\" alt=\"\" decoding=\"async\" style=\"\" srcset=\"https:\/\/www.savoserdves.lt\/wp-content\/uploads\/2022\/09\/615509_7e06db53810043378e41eefc3d9592a3_mv2.webp 507w, https:\/\/www.savoserdves.lt\/wp-content\/uploads\/2022\/09\/615509_7e06db53810043378e41eefc3d9592a3_mv2-300x300.webp 300w, https:\/\/www.savoserdves.lt\/wp-content\/uploads\/2022\/09\/615509_7e06db53810043378e41eefc3d9592a3_mv2-150x150.webp 150w\" sizes=\"(max-width: 507px) 100vw, 507px\" \/><\/a><\/div><a class=\"wp-block-latest-posts__post-title\" href=\"https:\/\/www.savoserdves.lt\/?p=262\">Stiklo magija<\/a><\/li>\n<li><div class=\"wp-block-latest-posts__featured-image\"><a href=\"https:\/\/www.savoserdves.lt\/?p=260\" aria-label=\"Vilnos v\u0117limas\"><img loading=\"lazy\" width=\"507\" height=\"507\" src=\"https:\/\/www.savoserdves.lt\/wp-content\/uploads\/2022\/09\/615509_186adbfab64d4d6aa5644b77600c036c_mv2.webp\" class=\"attachment-large size-large wp-post-image\" alt=\"\" decoding=\"async\" style=\"\" srcset=\"https:\/\/www.savoserdves.lt\/wp-content\/uploads\/2022\/09\/615509_186adbfab64d4d6aa5644b77600c036c_mv2.webp 507w, https:\/\/www.savoserdves.lt\/wp-content\/uploads\/2022\/09\/615509_186adbfab64d4d6aa5644b77600c036c_mv2-300x300.webp 300w, https:\/\/www.savoserdves.lt\/wp-content\/uploads\/2022\/09\/615509_186adbfab64d4d6aa5644b77600c036c_mv2-150x150.webp 150w\" sizes=\"(max-width: 507px) 100vw, 507px\" \/><\/a><\/div><a class=\"wp-block-latest-posts__post-title\" href=\"https:\/\/www.savoserdves.lt\/?p=260\">Vilnos v\u0117limas<\/a><\/li>\n<\/ul>","protected":false},"excerpt":{"rendered":"<p>Kvie\u010diame pa\u017einti ir pasinert\u012f \u012f tradicini\u0173 bei u\u017esienio \u0161ali\u0173 amat\u0173 paslaptis.Savos Erdv\u0117s yra paruo\u0161\u0119 net 16 edukacini\u0173 program\u0173 &#8211;kvie\u010diame turiningai praleisti laisvalaik\u012f ar pa\u012fvairinti asmenin\u0119 \u0161vent\u0119: )\u00a0Savos Erdv\u0117s nuomoja patalpas bei \u012frankius savaranki\u0161kai dirbantiems keramikams ir keramikos myl\u0117tojams.\u00a0Jei turite klausim\u0173 ar nor\u0117tum\u0117te u\u017esiregistruoti edukacijai,laukiame j\u016bs\u0173 skambu\u010dio +37060052957 \/ lai\u0161kelio el. pa\u0161tu\u00a0lkiskiene@gmail.com.<\/p>\n","protected":false},"author":1,"featured_media":0,"parent":0,"menu_order":0,"comment_status":"closed","ping_status":"closed","template":"","meta":{"footnotes":""},"_links":{"self":[{"href":"https:\/\/www.savoserdves.lt\/index.php?rest_route=\/wp\/v2\/pages\/80"}],"collection":[{"href":"https:\/\/www.savoserdves.lt\/index.php?rest_route=\/wp\/v2\/pages"}],"about":[{"href":"https:\/\/www.savoserdves.lt\/index.php?rest_route=\/wp\/v2\/types\/page"}],"author":[{"embeddable":true,"href":"https:\/\/www.savoserdves.lt\/index.php?rest_route=\/wp\/v2\/users\/1"}],"replies":[{"embeddable":true,"href":"https:\/\/www.savoserdves.lt\/index.php?rest_route=%2Fwp%2Fv2%2Fcomments&post=80"}],"version-history":[{"count":18,"href":"https:\/\/www.savoserdves.lt\/index.php?rest_route=\/wp\/v2\/pages\/80\/revisions"}],"predecessor-version":[{"id":694,"href":"https:\/\/www.savoserdves.lt\/index.php?rest_route=\/wp\/v2\/pages\/80\/revisions\/694"}],"wp:attachment":[{"href":"https:\/\/www.savoserdves.lt\/index.php?rest_route=%2Fwp%2Fv2%2Fmedia&parent=80"}],"curies":[{"name":"wp","href":"https:\/\/api.w.org\/{rel}","templated":true}]}}